{"id":8,"date":"2016-03-31T13:44:42","date_gmt":"2016-03-31T11:44:42","guid":{"rendered":"http:\/\/prisutnost.hr\/?page_id=8"},"modified":"2016-09-19T19:55:25","modified_gmt":"2016-09-19T17:55:25","slug":"o-nama","status":"publish","type":"page","link":"https:\/\/prisutnost.hr\/?page_id=8","title":{"rendered":"O nama"},"content":{"rendered":"<p><strong>\u0160to su korisnici rekli o nama<\/strong><br \/>\nKorisnici socijalnih ure\u0111aja su starije, invalidne i te\u017ee pokretne osobe koje \u017eive same, a kroz dobrovoljno \u010dlanstvo prihva\u0107aju prava i obveze koje proizlaze iz Statuta udruge\u201cPrisutnost\u201d. Svi kojima bi socijalni ure\u0111aj bio od koristi, imaju telefonski priklju\u010dak a \u017eele klju\u010d svog stana dati nekoj bliskoj osobi iz susjedstva ili im ro\u0111aci i prijatelji stanuju u blizini, mogu postati \u010dlanovi udruge \u201cPrisutnost\u201d i koristiti socijalni ure\u0111aj koji ostaje u vlasni\u0161tvu Udruge, a \u010dlan\/korisnik pla\u0107a mjese\u010dnu \u010dlanarinu, koja iznosi 5% osnovne tj. po\u010detne mirovine. Ovisno o socijalnom statusu \u010dlana\/korisnika \u010dlanarina mo\u017ee biti i manja.<br \/>\n<strong>G\u0111a. Mary Markovi\u0107 (83) \u010dlan udruge \u201cPrisutnost\u201d i korisnik socijalnog ure\u0111aja od 21.04.1999. godine., ka\u017ee:<\/strong> \u201cIako \u017eivim sama, osje\u0107am se potpuno sigurno, jer je moj najbli\u017ei prijatelj \u201cPrisutnost\u201d 24 sata uz mene. Pritiskom na tipku, koju nosim oko vrata i koja je vodootporna, mogu pozvati \u201cPrisutnost\u201d u svakoj nevolji. \u201cPrisutnost\u201d odmah stupa u vezu sa osobama koje su navedene u ra\u010dunalu, prvom pomo\u0107i, policijom, vatrogascima, ve\u0107 prema potrebi.\u201d<br \/>\n<strong>M. S. ( 81 god.) korisnica socijalnog ure\u0111aja i \u010dlanica Udruge:<\/strong> \u201cZa humanitarnu udrugu \u201cPrisutnost\u201d saznala sam preko radio emisije. Odmah sam se javila pismeno i od njih sam dobila formulare koje sam popunila i preporu\u010denom po\u0161tom poslala na njihovu adresu. Nakon par dana do\u0161la mi je voditeljica i donijela aparat i objasnila postupak. Meni se to jako dopalo, jer sam vidjela da bi za mene to bilo korisno budu\u0107i da sam slabo pokretna i imam slomljeni kuk i ugra\u0111enu protezu. Ako bi mi se slu\u010dajno ne\u0161to dogodilo dovoljno je da samo pritisnem tipku, koju ina\u010de stalno nosim na ruci i u \u201cPrisutnosti\u201d se signalizira da sam u nevolji. Ne samo da oni interveniraju, nego me i zovu svaki tjedan, \u0161to mi puno zna\u010di, jer ako me nitko ne nazove osje\u0107am se izgubljeno. Ti pozivi mi \u010dak zna\u010de i vi\u0161e nego sama intervencija. Preporu\u010dila bih svakome tko je sam da se uklju\u010di u Udrugu.\u201d<br \/>\n<strong>G\u0111a. M.Z. k\u0107erka korisnice X.Y. (78 god.) ka\u017ee:<\/strong> \u201c\u017divim s majkom koja je korisnica socijalnog ure\u0111aja od 28.01.2002. god. Od tog se datuma moj \u017eivot kao i \u017eivot moje majke u smislu kvalitete \u017eivota pobolj\u0161ao u 100%-nom iznosu. Naime, moja je majka krajem 2000. g. imala mo\u017edani udar, a kao posljedicu toga oboljeva od Epy Jaksonove bolesti koja uzrokuje stalnu mogu\u0107nost kratkotrajnog gubitka svijesti, odnosno pada. Uz to je sr\u010dani bolesnik s vrlo uznapredovalom osteoporozom. Kako sam ve\u0107 napomenula moja majka i ja \u017eivimo same, a kako je njoj potreban 24-satni nadzor, koji joj u tom trenutku nisam bila u stanju osigurati \u2013 ne znaju\u0107i da postoji udruga \u201cPrisutnost\u201d moj je \u017eivot proticao u neprestanom strahu, brigama i \u201cmorama\u201d. Odlaze\u0107i na posao koji zahtjeva kompletnu osobu, dnevno sam i po 5 puta zvala telefonom ku\u0107i sa zebnjom o\u010dekuju\u0107i ho\u0107u li dobiti odgovor na poziv, a kada on ne bi uslijedio napu\u0161tala sam ured i bezglavo jurila ku\u0107i. \u010cak i odlazak u obli\u017enju trgovinu nije bio bez bojazni. Tako je moj \u017eivot bio stalno u stresu. Ali od kad je moja majka korisnica socijalnog ure\u0111aja ja se mogu posvetiti svom poslu u potpunosti, a u slobodno vrijeme oti\u0107i u kupovinu, kino, kazali\u0161te, te se sastati s prijateljima \u2013 znaju\u0107i da predivni ljudi iz \u201cPrisutnosti\u201d stalno brinu za moju majku i da su od mene preuzeli dio mojeg tereta i briga. Ne mogu ne osvrnuti se na ljude koji rade u Udruzi, na njihovu ljubaznost, vedrinu i optimizam kojim uvesele dane kada se jave mojoj majci, a da ih nije pozvala, istinski zainteresirani kako se osje\u0107a, \u0161to radi, je li sama ili da joj \u010destitaju ro\u0111endan \u2013 \u010dak i prije mene. Njeno psihi\u010dko stanje, raspolo\u017eenje i sigurnost, a koje je od bitnog zna\u010daja za njezinu bolest, pobolj\u0161ano je jer zna da je u svakom trenutku netko uz nju ma \u0161to da se dogodi.\u201d<\/p>\n","protected":false},"excerpt":{"rendered":"<p>\u0160to su korisnici rekli o nama Korisnici socijalnih ure\u0111aja su starije, invalidne i te\u017ee pokretne osobe koje \u017eive same, a kroz dobrovoljno \u010dlanstvo prihva\u0107aju prava i obveze koje proizlaze iz Statuta udruge\u201cPrisutnost\u201d. Svi kojima bi socijalni ure\u0111aj bio od koristi, imaju telefonski priklju\u010dak a \u017eele klju\u010d svog stana dati nekoj bliskoj osobi iz susjedstva ili [&hellip;]<\/p>\n","protected":false},"author":2,"featured_media":0,"parent":0,"menu_order":0,"comment_status":"closed","ping_status":"closed","template":"","meta":{"footnotes":"","_links_to":"","_links_to_target":""},"class_list":["post-8","page","type-page","status-publish","hentry"],"_links":{"self":[{"href":"https:\/\/prisutnost.hr\/index.php?rest_route=\/wp\/v2\/pages\/8","targetHints":{"allow":["GET"]}}],"collection":[{"href":"https:\/\/prisutnost.hr\/index.php?rest_route=\/wp\/v2\/pages"}],"about":[{"href":"https:\/\/prisutnost.hr\/index.php?rest_route=\/wp\/v2\/types\/page"}],"author":[{"embeddable":true,"href":"https:\/\/prisutnost.hr\/index.php?rest_route=\/wp\/v2\/users\/2"}],"replies":[{"embeddable":true,"href":"https:\/\/prisutnost.hr\/index.php?rest_route=%2Fwp%2Fv2%2Fcomments&post=8"}],"version-history":[{"count":2,"href":"https:\/\/prisutnost.hr\/index.php?rest_route=\/wp\/v2\/pages\/8\/revisions"}],"predecessor-version":[{"id":28,"href":"https:\/\/prisutnost.hr\/index.php?rest_route=\/wp\/v2\/pages\/8\/revisions\/28"}],"wp:attachment":[{"href":"https:\/\/prisutnost.hr\/index.php?rest_route=%2Fwp%2Fv2%2Fmedia&parent=8"}],"curies":[{"name":"wp","href":"https:\/\/api.w.org\/{rel}","templated":true}]}}