{"id":30,"date":"2016-04-07T12:19:26","date_gmt":"2016-04-07T10:19:26","guid":{"rendered":"http:\/\/prisutnost.hr\/?page_id=30"},"modified":"2024-02-21T15:33:33","modified_gmt":"2024-02-21T14:33:33","slug":"prijava","status":"publish","type":"page","link":"https:\/\/prisutnost.hr\/?page_id=30","title":{"rendered":"Prijava"},"content":{"rendered":"<p>Da bi Vam mogli pru\u017eiti \u201cpomo\u0107 putem telefona\u201d potrebni su nam neki Va\u0161i osobni podaci i podaci o Va\u0161em zdravlju. Obvezujemo se da \u0107emo sve podatke dr\u017eati u tajnosti, a upotrebljavati \u0107e se samo u Va\u0161u korist.<\/p>\n<p><strong>Odaberite jedan od dva na\u010dina prijave:<\/strong><\/p>\n<ol>\n<li>Posjetite nas na adresi: Prisutnost, Jordanovac 110, 10000 Zagreb i mi \u0107emo Vam pomo\u0107 u ispunjavanju prijavnice.<\/li>\n<li><a href=\"http:\/\/prisutnost.hr\/wp-content\/uploads\/2024\/02\/UPITNIK.pdf\"><strong>Preuzmite dokument<\/strong><\/a>\u00a0i isprintajte ga. Ispi\u0161ite ga rukom i po\u0161aljite po\u0161tom na adresu: <strong>Prisutnost, Jordanovac 110, 10000 Zagreb\u00a0<\/strong><\/li>\n<\/ol>\n","protected":false},"excerpt":{"rendered":"<p>Da bi Vam mogli pru\u017eiti \u201cpomo\u0107 putem telefona\u201d potrebni su nam neki Va\u0161i osobni podaci i podaci o Va\u0161em zdravlju. Obvezujemo se da \u0107emo sve podatke dr\u017eati u tajnosti, a upotrebljavati \u0107e se samo u Va\u0161u korist. Odaberite jedan od dva na\u010dina prijave: Posjetite nas na adresi: Prisutnost, Jordanovac 110, 10000 Zagreb i mi \u0107emo [&hellip;]<\/p>\n","protected":false},"author":2,"featured_media":0,"parent":0,"menu_order":0,"comment_status":"closed","ping_status":"closed","template":"","meta":{"footnotes":"","_links_to":"","_links_to_target":""},"class_list":["post-30","page","type-page","status-publish","hentry"],"_links":{"self":[{"href":"https:\/\/prisutnost.hr\/index.php?rest_route=\/wp\/v2\/pages\/30","targetHints":{"allow":["GET"]}}],"collection":[{"href":"https:\/\/prisutnost.hr\/index.php?rest_route=\/wp\/v2\/pages"}],"about":[{"href":"https:\/\/prisutnost.hr\/index.php?rest_route=\/wp\/v2\/types\/page"}],"author":[{"embeddable":true,"href":"https:\/\/prisutnost.hr\/index.php?rest_route=\/wp\/v2\/users\/2"}],"replies":[{"embeddable":true,"href":"https:\/\/prisutnost.hr\/index.php?rest_route=%2Fwp%2Fv2%2Fcomments&post=30"}],"version-history":[{"count":15,"href":"https:\/\/prisutnost.hr\/index.php?rest_route=\/wp\/v2\/pages\/30\/revisions"}],"predecessor-version":[{"id":117,"href":"https:\/\/prisutnost.hr\/index.php?rest_route=\/wp\/v2\/pages\/30\/revisions\/117"}],"wp:attachment":[{"href":"https:\/\/prisutnost.hr\/index.php?rest_route=%2Fwp%2Fv2%2Fmedia&parent=30"}],"curies":[{"name":"wp","href":"https:\/\/api.w.org\/{rel}","templated":true}]}}