{"id":23,"date":"2016-04-07T12:10:51","date_gmt":"2016-04-07T10:10:51","guid":{"rendered":"http:\/\/prisutnost.hr\/?page_id=23"},"modified":"2025-11-28T10:47:31","modified_gmt":"2025-11-28T09:47:31","slug":"djelatnost","status":"publish","type":"page","link":"https:\/\/prisutnost.hr\/?page_id=23","title":{"rendered":"Djelatnost"},"content":{"rendered":"<p><strong>Osnovna djelatnost Udruge<\/strong> je organiziranje pomo\u0107i starijim i invalidnim osobama putem telefona i socijalnog ure\u0111aja. Svojim \u010dlanovima, starijim i invalidnim osobama, priklju\u010dujemo u njihovom stanu socijalni ure\u0111aj ( aparat poput telefona), a u dojavnom centru osiguravamo 24 &#8211; satno de\u017eurstvo. Operater prima alarm kojeg preko daljinske tipke upu\u0107uje korisnik ako se nalazi u nezgodi, a sam si ne mo\u017ee pozvati pomo\u0107. <strong>Daljinsku tipku korisnici nose na ruci kao sat ili kao lan\u010di\u0107 oko vrata.<\/strong><\/p>\n<p><strong>Ostale djelatnosti:<\/strong><\/p>\n<ul>\n<li>ja\u010danje, povezivanje i \u0161irenje socijalne mre\u017ee starijih osoba<\/li>\n<li>razvijanje me\u0111ugeneracijske solidarnosti<\/li>\n<li>okupljanje i edukacija volontera, \u0161irenje vrednota dobrovoljnog rada<\/li>\n<\/ul>\n","protected":false},"excerpt":{"rendered":"<p>Osnovna djelatnost Udruge je organiziranje pomo\u0107i starijim i invalidnim osobama putem telefona i socijalnog ure\u0111aja. Svojim \u010dlanovima, starijim i invalidnim osobama, priklju\u010dujemo u njihovom stanu socijalni ure\u0111aj ( aparat poput telefona), a u dojavnom centru osiguravamo 24 &#8211; satno de\u017eurstvo. Operater prima alarm kojeg preko daljinske tipke upu\u0107uje korisnik ako se nalazi u nezgodi, a [&hellip;]<\/p>\n","protected":false},"author":2,"featured_media":0,"parent":0,"menu_order":0,"comment_status":"closed","ping_status":"closed","template":"","meta":{"footnotes":"","_links_to":"","_links_to_target":""},"class_list":["post-23","page","type-page","status-publish","hentry"],"_links":{"self":[{"href":"https:\/\/prisutnost.hr\/index.php?rest_route=\/wp\/v2\/pages\/23","targetHints":{"allow":["GET"]}}],"collection":[{"href":"https:\/\/prisutnost.hr\/index.php?rest_route=\/wp\/v2\/pages"}],"about":[{"href":"https:\/\/prisutnost.hr\/index.php?rest_route=\/wp\/v2\/types\/page"}],"author":[{"embeddable":true,"href":"https:\/\/prisutnost.hr\/index.php?rest_route=\/wp\/v2\/users\/2"}],"replies":[{"embeddable":true,"href":"https:\/\/prisutnost.hr\/index.php?rest_route=%2Fwp%2Fv2%2Fcomments&post=23"}],"version-history":[{"count":3,"href":"https:\/\/prisutnost.hr\/index.php?rest_route=\/wp\/v2\/pages\/23\/revisions"}],"predecessor-version":[{"id":137,"href":"https:\/\/prisutnost.hr\/index.php?rest_route=\/wp\/v2\/pages\/23\/revisions\/137"}],"wp:attachment":[{"href":"https:\/\/prisutnost.hr\/index.php?rest_route=%2Fwp%2Fv2%2Fmedia&parent=23"}],"curies":[{"name":"wp","href":"https:\/\/api.w.org\/{rel}","templated":true}]}}