{"id":2,"date":"2016-03-31T13:17:22","date_gmt":"2016-03-31T11:17:22","guid":{"rendered":"http:\/\/prisutnost.hr\/?page_id=2"},"modified":"2016-09-19T19:55:16","modified_gmt":"2016-09-19T17:55:16","slug":"socijalni-uredaj","status":"publish","type":"page","link":"https:\/\/prisutnost.hr\/?page_id=2","title":{"rendered":"Socijalni Ure\u0111aj"},"content":{"rendered":"<p><strong>Socijalni Ure\u0111aj<\/strong><br \/>\nSOCIJALNI URE\u0110AJ \u2013 suvremeni pristup u vaninstitucionalnom zbrinjavanju stariji i invalidnih osoba<\/p>\n<p>Pomo\u0107 putem socijalnog ure\u0111aja je socijalna inovacija unutar telekomunikacijske opreme koja uz odgovaraju\u0107i dojavni centar s organiziranim de\u017eurstvom pru\u017ea u\u010dinkovitu pomo\u0107 i psiholo\u0161ku sigurnost starijim i invalidnim osobama.<\/p>\n<p>Socijalni ure\u0111aj je oblikom i veli\u010dinom sli\u010dan klasi\u010dnom telefonu. Ugra\u0111eni mikrofon i zvu\u010dnik omogu\u0107uju dvosmjernu komunikaciju unutar cijelog stana, \u010dak i kroz zatvorena vrata, \u0161to zna\u0107i da korisnik mo\u017ee pri\u010dati bez slu\u0161alice u rukama npr. iz kreveta, s poda, iz sjedalice i sli\u010dno.<\/p>\n<p>Laganim pritiskom na daljinsku tipku korisnik aktivira socijalni ure\u0111aj koji odmah bira unaprijed programirane telefonske brojeve dojavnog centra.<\/p>\n<p>Kori\u0161tenjem socijalnog ure\u0111aja i daljinske tipke, starija osoba je 24 sata povezana sa dojavnim centrom , a preko centra s rodbinom, susjedima i slu\u017ebama \u010diju pomo\u0107 treba. Ovakav organizirani oblik pomo\u0107i omogu\u0107uje dulji, sigurniji i kvalitetniji boravak starije osobe u vlastitom stanu, doprinosi smanjivanju zahtjeva za smje\u0161taj u institucije , a time smanjuje tro\u0161kove socijalnih slu\u017ebi.<br \/>\n<strong>Daljinska Tipka \u2013 sastavni dio socijalnog ure\u0111aja<\/strong><br \/>\nJednostavnim i laganim pritiskom na gumeni dio daljinske tipke korisnik aktivira socijalni ure\u0111aj, uspostavlja govornu komunikaciju s operaterom, a preko operatera svoje stanje i potrebu je \u201cdojavio\u201d susjedima, rodbini, prijateljima ili hitnim slu\u017ebama.<br \/>\n<strong>Dojavni Centar<\/strong><br \/>\nprostor u kojem je smje\u0161tena posebna telefonska centrala za prijem alarmnog poziva i identificiranje korisnika koji je alarm poslao, ra\u010dunalo na koji je priklju\u010dena centrala i ugra\u0111en program sa podacima o korisnicima i programskim funkcijama za komunikaciju, i operater koji \u201cbdije\u201d .<\/p>\n","protected":false},"excerpt":{"rendered":"<p>Socijalni Ure\u0111aj SOCIJALNI URE\u0110AJ \u2013 suvremeni pristup u vaninstitucionalnom zbrinjavanju stariji i invalidnih osoba Pomo\u0107 putem socijalnog ure\u0111aja je socijalna inovacija unutar telekomunikacijske opreme koja uz odgovaraju\u0107i dojavni centar s organiziranim de\u017eurstvom pru\u017ea u\u010dinkovitu pomo\u0107 i psiholo\u0161ku sigurnost starijim i invalidnim osobama. Socijalni ure\u0111aj je oblikom i veli\u010dinom sli\u010dan klasi\u010dnom telefonu. Ugra\u0111eni mikrofon i zvu\u010dnik [&hellip;]<\/p>\n","protected":false},"author":2,"featured_media":0,"parent":0,"menu_order":0,"comment_status":"closed","ping_status":"closed","template":"","meta":{"footnotes":"","_links_to":"","_links_to_target":""},"class_list":["post-2","page","type-page","status-publish","hentry"],"_links":{"self":[{"href":"https:\/\/prisutnost.hr\/index.php?rest_route=\/wp\/v2\/pages\/2","targetHints":{"allow":["GET"]}}],"collection":[{"href":"https:\/\/prisutnost.hr\/index.php?rest_route=\/wp\/v2\/pages"}],"about":[{"href":"https:\/\/prisutnost.hr\/index.php?rest_route=\/wp\/v2\/types\/page"}],"author":[{"embeddable":true,"href":"https:\/\/prisutnost.hr\/index.php?rest_route=\/wp\/v2\/users\/2"}],"replies":[{"embeddable":true,"href":"https:\/\/prisutnost.hr\/index.php?rest_route=%2Fwp%2Fv2%2Fcomments&post=2"}],"version-history":[{"count":1,"href":"https:\/\/prisutnost.hr\/index.php?rest_route=\/wp\/v2\/pages\/2\/revisions"}],"predecessor-version":[{"id":27,"href":"https:\/\/prisutnost.hr\/index.php?rest_route=\/wp\/v2\/pages\/2\/revisions\/27"}],"wp:attachment":[{"href":"https:\/\/prisutnost.hr\/index.php?rest_route=%2Fwp%2Fv2%2Fmedia&parent=2"}],"curies":[{"name":"wp","href":"https:\/\/api.w.org\/{rel}","templated":true}]}}