{"id":10,"date":"2016-03-31T13:45:11","date_gmt":"2016-03-31T11:45:11","guid":{"rendered":"http:\/\/prisutnost.hr\/?page_id=10"},"modified":"2016-09-19T19:55:42","modified_gmt":"2016-09-19T17:55:42","slug":"projekti","status":"publish","type":"page","link":"https:\/\/prisutnost.hr\/?page_id=10","title":{"rendered":"Projekti"},"content":{"rendered":"<p>Razvoj izvaninstitucionalne skrbi za starije osobe na podru\u010dju Krapinsko\u2013zagorske \u017eupanije<\/p>\n<p>Pove\u0107anjem broja osoba starije \u017eivotne dobi se pove\u0107aju i potrebe za novim oblicima institucionalne i izvaninstitucionalne skrbi, s naglaskom na gra\u0111anska i ljudska prava koja im pripadaju. Razvoj pru\u017eanja usluga od strane neprofitnog sektora doprinosi deinstitucionalizaciji socijalnih usluga, a time pove\u0107ava stupanj socijalne uklju\u010denosti starih gra\u0111ana; to je va\u017ean korak prema ve\u0107oj dostupnosti i primjerenosti usluga za stare kojim se pove\u0107ava u\u010dinkovitost socijalnih programa.<br \/>\nDosada\u0161nje iskustvo Prisutnosti, vidljivo kroz uspje\u0161no provo\u0111enje tri programa: 24-satna psihosocijalna-zdravstvena skrb za stare; Ja\u010danje socijalne mre\u017ee i obiteljske podr\u0161ke starim osobama u Hrvatskoj i Razvoj volonterstva i u\u010denje socijalnih vje\u0161tina mladih, i organizacijski kapaciteti govore da \u0107emo kvalitetno i odgovorno kroz 13 mjeseci provesti i ovaj projekt na podru\u010dju Krapinsko-zagorske \u017eupanije, gdje bi bila osigurana besplatna usluga korisnicima. Dugoro\u010dne promjene koje o\u010dekujemo su vidljive u podru\u010djima kvalitete i kvantitete pru\u017eanja usluga za starije osobe na podru\u010dju Krapinsko-zagorske \u017eupanije te pove\u0107anoj dru\u0161tvenoj svijesti o potrebama starih osoba. Osigurano je mjerenje ostvarenja projektnih ciljeva sudjelovanjem vanjskih suradnika \u2013 evaluatora\/ice koji \u0107e provoditi formativnu i sumativnu evaluaciju, uz sudjelovanje projektnog tima.<br \/>\nProjekt obuhva\u0107a 5 me\u0111usobno povezanih podru\u010dja: rad sa starim osobama; rad sa volonterima; rad s medijima; rad s obitelji korisnika i rad s lokalnom zajednicom, sa ukupno 350 direktnih korisnika\/ca projekta i 5000 indirektnih korisnika. Glavni kratkoro\u010dni ciljevi govore da ja\u010damo dru\u0161tvenu svijest o potrebi pru\u017eanja izvaninstitucionalne skrbi za stare osobe te specifi\u010dnih psihosocijalnih potreba, zagovaramo prava i interese starih osoba u lokalnim zajednicama te pove\u0107amo kvalitetu psihosocijalne skrbi i usluga za starije osobe. Osigurana je kontinuirana medijska promocija projekta i stru\u010dna supervizija i evaluacija projekta.<\/p>\n","protected":false},"excerpt":{"rendered":"<p>Razvoj izvaninstitucionalne skrbi za starije osobe na podru\u010dju Krapinsko\u2013zagorske \u017eupanije Pove\u0107anjem broja osoba starije \u017eivotne dobi se pove\u0107aju i potrebe za novim oblicima institucionalne i izvaninstitucionalne skrbi, s naglaskom na gra\u0111anska i ljudska prava koja im pripadaju. Razvoj pru\u017eanja usluga od strane neprofitnog sektora doprinosi deinstitucionalizaciji socijalnih usluga, a time pove\u0107ava stupanj socijalne uklju\u010denosti starih [&hellip;]<\/p>\n","protected":false},"author":2,"featured_media":0,"parent":0,"menu_order":0,"comment_status":"closed","ping_status":"closed","template":"","meta":{"footnotes":"","_links_to":"","_links_to_target":""},"class_list":["post-10","page","type-page","status-publish","hentry"],"_links":{"self":[{"href":"https:\/\/prisutnost.hr\/index.php?rest_route=\/wp\/v2\/pages\/10","targetHints":{"allow":["GET"]}}],"collection":[{"href":"https:\/\/prisutnost.hr\/index.php?rest_route=\/wp\/v2\/pages"}],"about":[{"href":"https:\/\/prisutnost.hr\/index.php?rest_route=\/wp\/v2\/types\/page"}],"author":[{"embeddable":true,"href":"https:\/\/prisutnost.hr\/index.php?rest_route=\/wp\/v2\/users\/2"}],"replies":[{"embeddable":true,"href":"https:\/\/prisutnost.hr\/index.php?rest_route=%2Fwp%2Fv2%2Fcomments&post=10"}],"version-history":[{"count":2,"href":"https:\/\/prisutnost.hr\/index.php?rest_route=\/wp\/v2\/pages\/10\/revisions"}],"predecessor-version":[{"id":29,"href":"https:\/\/prisutnost.hr\/index.php?rest_route=\/wp\/v2\/pages\/10\/revisions\/29"}],"wp:attachment":[{"href":"https:\/\/prisutnost.hr\/index.php?rest_route=%2Fwp%2Fv2%2Fmedia&parent=10"}],"curies":[{"name":"wp","href":"https:\/\/api.w.org\/{rel}","templated":true}]}}